{"id":2431,"date":"2024-04-22T16:12:32","date_gmt":"2024-04-22T14:12:32","guid":{"rendered":"https:\/\/www.yakoota.fr\/?page_id=2431"},"modified":"2025-10-19T13:00:54","modified_gmt":"2025-10-19T11:00:54","slug":"yakoota-news","status":"publish","type":"page","link":"https:\/\/www.yakoota.fr\/en\/our-mission\/yakoota-news\/","title":{"rendered":"Yakoota News"},"content":{"rendered":"<section class=\"core-inline core-paragraph\" data-scroll-section><div class=\"container\">\n<p>We are progressively developing a generative AI-powered solution for insurance underwriting, using trustworthy technology to deliver fair, personalized, and value-for-money comparisons of insurance contracts. <\/p>\n<\/div><\/section>\n\n<section class=\"core core-media-text\" data-scroll-section><div class=\"container\">\n<div class=\"wp-block-media-text is-stacked-on-mobile is-style-rounded-image\" style=\"grid-template-columns:25% auto\"><figure class=\"wp-block-media-text__media\"><img loading=\"lazy\" decoding=\"async\" width=\"819\" height=\"1024\" src=\"https:\/\/www.yakoota.fr\/app\/uploads\/2025\/08\/comparateur-ia-generative-complementaire-sante-819x1024.png\" alt=\"Comparateur Ia G\u00e9n\u00e9rative Compl\u00e9mentaire Sant\u00e9\" class=\"wp-image-4957 size-full\" srcset=\"https:\/\/www.yakoota.fr\/app\/uploads\/2025\/08\/comparateur-ia-generative-complementaire-sante-819x1024.png 819w, https:\/\/www.yakoota.fr\/app\/uploads\/2025\/08\/comparateur-ia-generative-complementaire-sante-240x300.png 240w, https:\/\/www.yakoota.fr\/app\/uploads\/2025\/08\/comparateur-ia-generative-complementaire-sante-768x960.png 768w, https:\/\/www.yakoota.fr\/app\/uploads\/2025\/08\/comparateur-ia-generative-complementaire-sante.png 1080w\" sizes=\"auto, (max-width: 819px) 100vw, 819px\" \/><\/figure><div class=\"wp-block-media-text__content\">\n<h3 class=\"wp-block-heading\">Yakoota Expands Its Technology to Health Insurance<\/h3>\n\n\n\n<p>Yakoota is expanding its technology to the field of health insurance, marking the launch of its\u00a0<strong>third product in less than a year<\/strong>, following those dedicated to home and auto insurance.<\/p>\n\n\n\n<p>Thanks to this innovation,\u00a0<strong>tens of millions of French citizens<\/strong>\u00a0can now access a\u00a0<strong>100% independent and fact-based comparison<\/strong>\u00a0of the quality of their insurance contracts. Yakoota is committed to making reliable information accessible, enabling informed and transparent choices.<\/p>\n\n\n\n<h3 class=\"wp-block-heading\">&nbsp;<\/h3>\n\n\n\n<h4 class=\"wp-block-heading has-text-align-left\"><strong><mark style=\"background-color:rgba(0, 0, 0, 0)\" class=\"has-inline-color has-bleu-fonce-color\"><a href=\"https:\/\/www.yakoota.fr\/app\/uploads\/2025\/10\/presse-release-20251017-health-final-version.pdf\">Download press release<\/a><\/mark><\/strong><\/h4>\n<\/div><\/div>\n<\/div><\/section>\n\n<section class=\"core core-media-text\" data-scroll-section><div class=\"container\">\n<div class=\"wp-block-media-text has-media-on-the-right is-stacked-on-mobile is-style-rounded-image\" style=\"grid-template-columns:auto 25%\"><div class=\"wp-block-media-text__content\">\n<h3 class=\"wp-block-heading\">Yakoota Brings Generative AI-Powered Comparisons to Motor Insurance<\/h3>\n\n\n\n<p>Yakoota continues to expand its platform, staying true to its mission: making value-for-money comparisons transparent and trustworthy. Its generative AI technology now covers motor insurance contracts\u2014an essential and often costly part of household budgets.<\/p>\n\n\n\n<h3 class=\"wp-block-heading\">&nbsp;<\/h3>\n\n\n\n<h4 class=\"wp-block-heading has-text-align-left\"><strong><mark style=\"background-color:rgba(0, 0, 0, 0)\" class=\"has-inline-color has-bleu-fonce-color\"><a href=\"https:\/\/www.yakoota.fr\/app\/uploads\/2025\/05\/presse-release-20250515-final-version.pdf\">Download the Press Release<\/a><\/mark><\/strong><\/h4>\n<\/div><figure class=\"wp-block-media-text__media\"><img loading=\"lazy\" decoding=\"async\" width=\"819\" height=\"1024\" src=\"https:\/\/www.yakoota.fr\/app\/uploads\/2025\/05\/comparateur-assurance-auto-3-819x1024.png\" alt=\"AI-powered solution for insurance underwriting\" class=\"wp-image-4665 size-full\" srcset=\"https:\/\/www.yakoota.fr\/app\/uploads\/2025\/05\/comparateur-assurance-auto-3-819x1024.png 819w, https:\/\/www.yakoota.fr\/app\/uploads\/2025\/05\/comparateur-assurance-auto-3-240x300.png 240w, https:\/\/www.yakoota.fr\/app\/uploads\/2025\/05\/comparateur-assurance-auto-3-768x960.png 768w, https:\/\/www.yakoota.fr\/app\/uploads\/2025\/05\/comparateur-assurance-auto-3.png 1080w\" sizes=\"auto, (max-width: 819px) 100vw, 819px\" \/><\/figure><\/div>\n<\/div><\/section>\n\n<section class=\"core core-media-text\" data-scroll-section><div class=\"container\">\n<div class=\"wp-block-media-text is-stacked-on-mobile is-style-rounded-image\" style=\"grid-template-columns:33% auto\"><figure class=\"wp-block-media-text__media\"><img loading=\"lazy\" decoding=\"async\" width=\"1024\" height=\"968\" src=\"https:\/\/www.yakoota.fr\/app\/uploads\/2023\/12\/photo-mb-scaled-e1713795969742-1024x968.jpg\" alt=\"comparateur pour choisir les meilleures assurances\" class=\"wp-image-1341 size-full\" srcset=\"https:\/\/www.yakoota.fr\/app\/uploads\/2023\/12\/photo-mb-scaled-e1713795969742-1024x968.jpg 1024w, https:\/\/www.yakoota.fr\/app\/uploads\/2023\/12\/photo-mb-scaled-e1713795969742-300x283.jpg 300w, https:\/\/www.yakoota.fr\/app\/uploads\/2023\/12\/photo-mb-scaled-e1713795969742-768x726.jpg 768w, https:\/\/www.yakoota.fr\/app\/uploads\/2023\/12\/photo-mb-scaled-e1713795969742-1536x1451.jpg 1536w, https:\/\/www.yakoota.fr\/app\/uploads\/2023\/12\/photo-mb-scaled-e1713795969742.jpg 1706w\" sizes=\"auto, (max-width: 1024px) 100vw, 1024px\" \/><\/figure><div class=\"wp-block-media-text__content\">\n<h2 class=\"wp-block-heading\"><mark style=\"background-color:rgba(0, 0, 0, 0)\" class=\"has-inline-color has-bleu-fonce-color\">Yakoota&#8217;s AI Underwriting Solution is Available for Brokers and Policyholders<\/mark><\/h2>\n\n\n\n<p>Mohamed Baccouche, founder of Yakoota, states: \u201cWe decided to launch our solution when the<\/p>\n\n\n\n<p>algorithm began consistently outperforming our experts, instantly finding the best insurance. As<\/p>\n\n\n\n<p>impressed as we are, we still recommend taking the time to choose an insurance contract and<\/p>\n\n\n\n<p>doing so with an advisor using the Yakoota comparator, especially for non-standard needs. Our<\/p>\n\n\n\n<p>contention is that the future belongs to augmented intelligence: knowledgeable humans<\/p>\n\n\n\n<p>leveraging artificial intelligence!\u201d<\/p>\n\n\n\n<h3 class=\"wp-block-heading\">&nbsp;<\/h3>\n\n\n\n<div class=\"wp-block-buttons is-layout-flex wp-block-buttons-is-layout-flex\">\n<div class=\"wp-block-button\"><a class=\"wp-block-button__link wp-element-button\" href=\"https:\/\/www.yakoota.fr\/app\/uploads\/2024\/04\/presse-release-20240422-final-version-.pdf\" target=\"_blank\" rel=\"noreferrer noopener\">Download  Yakoota Presse release<\/a><\/div>\n<\/div>\n<\/div><\/div>\n<\/div><\/section>\n\n<section class=\"core core-media-text\" data-scroll-section><div class=\"container\">\n<div class=\"wp-block-media-text has-media-on-the-right is-stacked-on-mobile is-vertically-aligned-center is-style-rounded-image\" style=\"grid-template-columns:auto 25%\" id=\"guideAssure\"><div class=\"wp-block-media-text__content\">\n<h2 class=\"wp-block-heading\"><mark style=\"background-color:rgba(0, 0, 0, 0)\" class=\"has-inline-color has-bleu-fonce-color\">Yakoota Rating is available<\/mark><\/h2>\n\n\n\n<p>Mohamed Baccouche, founder of Yakoota, stated: &#8220;Two years, almost to the day, after the foundation of Yakoota, we celebrate the success of the Yakoota solution. We are proud and determined to promote this innovative solution for the benefit of our customers and, more broadly, to simplify insurance for policyholders. It is a concrete use case of generative AI for greater transparency. On behalf of the Yakoota team, I thank our partners and customers for their trust.&nbsp;<\/p>\n\n\n\n<p> &nbsp;<\/p>\n\n\n\n<div class=\"wp-block-buttons is-layout-flex wp-block-buttons-is-layout-flex\">\n<div class=\"wp-block-button\"><a class=\"wp-block-button__link wp-element-button\" href=\"https:\/\/www.yakoota.fr\/app\/uploads\/2024\/04\/presse-release-20240422-final-version-.pdf\" target=\"_blank\" rel=\"noreferrer noopener\">Download  Yakoota Presse release<\/a><\/div>\n<\/div>\n<\/div><figure class=\"wp-block-media-text__media\"><img decoding=\"async\" src=\"https:\/\/www.yakoota.fr\/app\/uploads\/2023\/12\/mascotte-ia.svg\" alt=\"Mascotte Ia\" class=\"wp-image-738 size-full\"\/><\/figure><\/div>\n<\/div><\/section>\n\n<section class=\"core core-media-text\" data-scroll-section><div class=\"container\">\n<div class=\"wp-block-media-text is-stacked-on-mobile is-vertically-aligned-center is-style-rounded-image\" style=\"grid-template-columns:25% auto\" id=\"guideAssure\"><figure class=\"wp-block-media-text__media\"><img loading=\"lazy\" decoding=\"async\" width=\"1024\" height=\"930\" src=\"https:\/\/www.yakoota.fr\/app\/uploads\/2024\/04\/yakoota-at-ai-tour-microsoft.svp_-1-1024x930.jpg\" alt=\"\" class=\"wp-image-2403 size-full\" srcset=\"https:\/\/www.yakoota.fr\/app\/uploads\/2024\/04\/yakoota-at-ai-tour-microsoft.svp_-1-1024x930.jpg 1024w, https:\/\/www.yakoota.fr\/app\/uploads\/2024\/04\/yakoota-at-ai-tour-microsoft.svp_-1-300x272.jpg 300w, https:\/\/www.yakoota.fr\/app\/uploads\/2024\/04\/yakoota-at-ai-tour-microsoft.svp_-1-768x698.jpg 768w, https:\/\/www.yakoota.fr\/app\/uploads\/2024\/04\/yakoota-at-ai-tour-microsoft.svp_-1-1536x1395.jpg 1536w, https:\/\/www.yakoota.fr\/app\/uploads\/2024\/04\/yakoota-at-ai-tour-microsoft.svp_-1-2048x1860.jpg 2048w\" sizes=\"auto, (max-width: 1024px) 100vw, 1024px\" \/><\/figure><div class=\"wp-block-media-text__content\">\n<h2 class=\"wp-block-heading\"><strong><strong><a href=\"https:\/\/www.microsoft.com\/fr-fr\" target=\"_blank\" rel=\"noreferrer noopener\">Participation to AI Microsoft Tour<\/a> <\/strong><\/strong><\/h2>\n\n\n\n<p class=\"is-style-introduction\" style=\"font-style:normal;font-weight:700\">Microsoft AI tour le 12 mars 2024  <\/p>\n\n\n\n<p>Yakoota has been invited to AI Microsoft tour dedicated to generative AI and notably use cases of ESG communication.<\/p>\n\n\n\n<p>The main take is how important is data quality to sustain a generative AI reliable models.<\/p>\n\n\n\n<p> &nbsp;<\/p>\n<\/div><\/div>\n<\/div><\/section>\n\n<section class=\"core-inline core-heading\" data-scroll-section><div class=\"container\">\n<h2 class=\"wp-block-heading has-text-align-center\">Presse contact : <mark style=\"background-color:rgba(0, 0, 0, 0)\" class=\"has-inline-color has-bleu-fonce-color\"><a href=\"https:\/\/www.yakoota.fr\/contact\/\">Please contact us<\/a><\/mark><\/h2>\n<\/div><\/section>","protected":false},"excerpt":{"rendered":"<p>We are progressively developing a generative AI-powered solution for insurance underwriting, using trustworthy technology to deliver fair, personalized, and value-for-money comparisons of insurance contracts. Yakoota Expands Its Technology to Health Insurance Yakoota is expanding its technology to the field of health insurance, marking the launch of its\u00a0third product in less than a year, following those [&hellip;]<\/p>\n","protected":false},"author":2,"featured_media":2464,"parent":1096,"menu_order":1,"comment_status":"closed","ping_status":"closed","template":"","meta":{"_acf_changed":false,"footnotes":""},"class_list":["post-2431","page","type-page","status-publish","has-post-thumbnail","hentry"],"acf":[],"yoast_head":"<!-- This site is optimized with the Yoast SEO plugin v27.1.1 - https:\/\/yoast.com\/product\/yoast-seo-wordpress\/ -->\n<title>Innovation pour comparer les contrats d&#039;assurance - Yakoota News<\/title>\n<meta name=\"description\" content=\"Pour tout connaitre sur l&#039;actualit\u00e9 de Yakoota: Lancement de produits et services, Innovation r\u00e9glementaire appliqu\u00e9e \u00e0 l&#039;assurance .\" \/>\n<meta name=\"robots\" content=\"index, follow, max-snippet:-1, max-image-preview:large, max-video-preview:-1\" \/>\n<link rel=\"canonical\" href=\"https:\/\/www.yakoota.fr\/en\/our-mission\/yakoota-news\/\" \/>\n<meta property=\"og:locale\" content=\"en_US\" \/>\n<meta property=\"og:type\" content=\"article\" \/>\n<meta property=\"og:title\" content=\"Innovation pour comparer les contrats d&#039;assurance - Yakoota News\" \/>\n<meta property=\"og:description\" content=\"Pour tout connaitre sur l&#039;actualit\u00e9 de Yakoota: Lancement de produits et services, Innovation r\u00e9glementaire appliqu\u00e9e \u00e0 l&#039;assurance .\" \/>\n<meta property=\"og:url\" content=\"https:\/\/www.yakoota.fr\/en\/our-mission\/yakoota-news\/\" \/>\n<meta property=\"og:site_name\" content=\"Yakoota\" \/>\n<meta property=\"article:modified_time\" content=\"2025-10-19T11:00:54+00:00\" \/>\n<meta property=\"og:image\" content=\"https:\/\/www.yakoota.fr\/app\/uploads\/2024\/04\/photo-m-baccouche-scaled-e1713796382381.jpg\" \/>\n\t<meta property=\"og:image:width\" content=\"1706\" \/>\n\t<meta property=\"og:image:height\" content=\"1655\" \/>\n\t<meta property=\"og:image:type\" content=\"image\/jpeg\" \/>\n<meta name=\"twitter:card\" content=\"summary_large_image\" \/>\n<meta name=\"twitter:label1\" content=\"Est. reading time\" \/>\n\t<meta name=\"twitter:data1\" content=\"4 minutes\" \/>\n<script type=\"application\/ld+json\" class=\"yoast-schema-graph\">{\"@context\":\"https:\/\/schema.org\",\"@graph\":[{\"@type\":\"WebPage\",\"@id\":\"https:\/\/www.yakoota.fr\/en\/our-mission\/yakoota-news\/\",\"url\":\"https:\/\/www.yakoota.fr\/en\/our-mission\/yakoota-news\/\",\"name\":\"Innovation pour comparer les contrats d'assurance - Yakoota News\",\"isPartOf\":{\"@id\":\"https:\/\/www.yakoota.fr\/en\/#website\"},\"primaryImageOfPage\":{\"@id\":\"https:\/\/www.yakoota.fr\/en\/our-mission\/yakoota-news\/#primaryimage\"},\"image\":{\"@id\":\"https:\/\/www.yakoota.fr\/en\/our-mission\/yakoota-news\/#primaryimage\"},\"thumbnailUrl\":\"https:\/\/www.yakoota.fr\/app\/uploads\/2024\/04\/photo-m-baccouche-scaled-e1713796382381.jpg\",\"datePublished\":\"2024-04-22T14:12:32+00:00\",\"dateModified\":\"2025-10-19T11:00:54+00:00\",\"description\":\"Pour tout connaitre sur l'actualit\u00e9 de Yakoota: Lancement de produits et services, Innovation r\u00e9glementaire appliqu\u00e9e \u00e0 l'assurance .\",\"breadcrumb\":{\"@id\":\"https:\/\/www.yakoota.fr\/en\/our-mission\/yakoota-news\/#breadcrumb\"},\"inLanguage\":\"en-US\",\"potentialAction\":[{\"@type\":\"ReadAction\",\"target\":[\"https:\/\/www.yakoota.fr\/en\/our-mission\/yakoota-news\/\"]}]},{\"@type\":\"ImageObject\",\"inLanguage\":\"en-US\",\"@id\":\"https:\/\/www.yakoota.fr\/en\/our-mission\/yakoota-news\/#primaryimage\",\"url\":\"https:\/\/www.yakoota.fr\/app\/uploads\/2024\/04\/photo-m-baccouche-scaled-e1713796382381.jpg\",\"contentUrl\":\"https:\/\/www.yakoota.fr\/app\/uploads\/2024\/04\/photo-m-baccouche-scaled-e1713796382381.jpg\",\"width\":1706,\"height\":1655,\"caption\":\"Photo M Baccouche\"},{\"@type\":\"BreadcrumbList\",\"@id\":\"https:\/\/www.yakoota.fr\/en\/our-mission\/yakoota-news\/#breadcrumb\",\"itemListElement\":[{\"@type\":\"ListItem\",\"position\":1,\"name\":\"Yakoota\",\"item\":\"https:\/\/www.yakoota.fr\/en\/\"},{\"@type\":\"ListItem\",\"position\":2,\"name\":\"Our Mission\",\"item\":\"https:\/\/www.yakoota.fr\/en\/notre-mission\/\"},{\"@type\":\"ListItem\",\"position\":3,\"name\":\"Yakoota News\"}]},{\"@type\":\"WebSite\",\"@id\":\"https:\/\/www.yakoota.fr\/en\/#website\",\"url\":\"https:\/\/www.yakoota.fr\/en\/\",\"name\":\"Yakoota\",\"description\":\"Guide \u00e9toil\u00e9 de l&#039;assurance\",\"potentialAction\":[{\"@type\":\"SearchAction\",\"target\":{\"@type\":\"EntryPoint\",\"urlTemplate\":\"https:\/\/www.yakoota.fr\/en\/?s={search_term_string}\"},\"query-input\":{\"@type\":\"PropertyValueSpecification\",\"valueRequired\":true,\"valueName\":\"search_term_string\"}}],\"inLanguage\":\"en-US\"}]}<\/script>\n<!-- \/ Yoast SEO plugin. -->","yoast_head_json":{"title":"Innovation pour comparer les contrats d'assurance - Yakoota News","description":"Pour tout connaitre sur l'actualit\u00e9 de Yakoota: Lancement de produits et services, Innovation r\u00e9glementaire appliqu\u00e9e \u00e0 l'assurance .","robots":{"index":"index","follow":"follow","max-snippet":"max-snippet:-1","max-image-preview":"max-image-preview:large","max-video-preview":"max-video-preview:-1"},"canonical":"https:\/\/www.yakoota.fr\/en\/our-mission\/yakoota-news\/","og_locale":"en_US","og_type":"article","og_title":"Innovation pour comparer les contrats d'assurance - Yakoota News","og_description":"Pour tout connaitre sur l'actualit\u00e9 de Yakoota: Lancement de produits et services, Innovation r\u00e9glementaire appliqu\u00e9e \u00e0 l'assurance .","og_url":"https:\/\/www.yakoota.fr\/en\/our-mission\/yakoota-news\/","og_site_name":"Yakoota","article_modified_time":"2025-10-19T11:00:54+00:00","og_image":[{"width":1706,"height":1655,"url":"https:\/\/www.yakoota.fr\/app\/uploads\/2024\/04\/photo-m-baccouche-scaled-e1713796382381.jpg","type":"image\/jpeg"}],"twitter_card":"summary_large_image","twitter_misc":{"Est. reading time":"4 minutes"},"schema":{"@context":"https:\/\/schema.org","@graph":[{"@type":"WebPage","@id":"https:\/\/www.yakoota.fr\/en\/our-mission\/yakoota-news\/","url":"https:\/\/www.yakoota.fr\/en\/our-mission\/yakoota-news\/","name":"Innovation pour comparer les contrats d'assurance - Yakoota News","isPartOf":{"@id":"https:\/\/www.yakoota.fr\/en\/#website"},"primaryImageOfPage":{"@id":"https:\/\/www.yakoota.fr\/en\/our-mission\/yakoota-news\/#primaryimage"},"image":{"@id":"https:\/\/www.yakoota.fr\/en\/our-mission\/yakoota-news\/#primaryimage"},"thumbnailUrl":"https:\/\/www.yakoota.fr\/app\/uploads\/2024\/04\/photo-m-baccouche-scaled-e1713796382381.jpg","datePublished":"2024-04-22T14:12:32+00:00","dateModified":"2025-10-19T11:00:54+00:00","description":"Pour tout connaitre sur l'actualit\u00e9 de Yakoota: Lancement de produits et services, Innovation r\u00e9glementaire appliqu\u00e9e \u00e0 l'assurance .","breadcrumb":{"@id":"https:\/\/www.yakoota.fr\/en\/our-mission\/yakoota-news\/#breadcrumb"},"inLanguage":"en-US","potentialAction":[{"@type":"ReadAction","target":["https:\/\/www.yakoota.fr\/en\/our-mission\/yakoota-news\/"]}]},{"@type":"ImageObject","inLanguage":"en-US","@id":"https:\/\/www.yakoota.fr\/en\/our-mission\/yakoota-news\/#primaryimage","url":"https:\/\/www.yakoota.fr\/app\/uploads\/2024\/04\/photo-m-baccouche-scaled-e1713796382381.jpg","contentUrl":"https:\/\/www.yakoota.fr\/app\/uploads\/2024\/04\/photo-m-baccouche-scaled-e1713796382381.jpg","width":1706,"height":1655,"caption":"Photo M Baccouche"},{"@type":"BreadcrumbList","@id":"https:\/\/www.yakoota.fr\/en\/our-mission\/yakoota-news\/#breadcrumb","itemListElement":[{"@type":"ListItem","position":1,"name":"Yakoota","item":"https:\/\/www.yakoota.fr\/en\/"},{"@type":"ListItem","position":2,"name":"Our Mission","item":"https:\/\/www.yakoota.fr\/en\/notre-mission\/"},{"@type":"ListItem","position":3,"name":"Yakoota News"}]},{"@type":"WebSite","@id":"https:\/\/www.yakoota.fr\/en\/#website","url":"https:\/\/www.yakoota.fr\/en\/","name":"Yakoota","description":"Guide \u00e9toil\u00e9 de l&#039;assurance","potentialAction":[{"@type":"SearchAction","target":{"@type":"EntryPoint","urlTemplate":"https:\/\/www.yakoota.fr\/en\/?s={search_term_string}"},"query-input":{"@type":"PropertyValueSpecification","valueRequired":true,"valueName":"search_term_string"}}],"inLanguage":"en-US"}]}},"_links":{"self":[{"href":"https:\/\/www.yakoota.fr\/en\/wp-json\/wp\/v2\/pages\/2431","targetHints":{"allow":["GET"]}}],"collection":[{"href":"https:\/\/www.yakoota.fr\/en\/wp-json\/wp\/v2\/pages"}],"about":[{"href":"https:\/\/www.yakoota.fr\/en\/wp-json\/wp\/v2\/types\/page"}],"author":[{"embeddable":true,"href":"https:\/\/www.yakoota.fr\/en\/wp-json\/wp\/v2\/users\/2"}],"replies":[{"embeddable":true,"href":"https:\/\/www.yakoota.fr\/en\/wp-json\/wp\/v2\/comments?post=2431"}],"version-history":[{"count":7,"href":"https:\/\/www.yakoota.fr\/en\/wp-json\/wp\/v2\/pages\/2431\/revisions"}],"predecessor-version":[{"id":5112,"href":"https:\/\/www.yakoota.fr\/en\/wp-json\/wp\/v2\/pages\/2431\/revisions\/5112"}],"up":[{"embeddable":true,"href":"https:\/\/www.yakoota.fr\/en\/wp-json\/wp\/v2\/pages\/1096"}],"wp:featuredmedia":[{"embeddable":true,"href":"https:\/\/www.yakoota.fr\/en\/wp-json\/wp\/v2\/media\/2464"}],"wp:attachment":[{"href":"https:\/\/www.yakoota.fr\/en\/wp-json\/wp\/v2\/media?parent=2431"}],"curies":[{"name":"wp","href":"https:\/\/api.w.org\/{rel}","templated":true}]}}